{"id":11559,"date":"2025-01-20T12:32:33","date_gmt":"2025-01-20T11:32:33","guid":{"rendered":"https:\/\/whs.lu\/product\/philips-ep5441-50-machine-a-cafe-automatique\/"},"modified":"2025-01-20T12:32:33","modified_gmt":"2025-01-20T11:32:33","slug":"philips-ep5441-50-machine-a-cafe-automatique","status":"publish","type":"product","link":"https:\/\/whs.lu\/fr\/product\/philips-ep5441-50-machine-a-cafe-automatique\/","title":{"rendered":"PHILIPS EP5441\/50 Machine \u00e0 caf\u00e9 automatique"},"content":{"rendered":"","protected":false},"excerpt":{"rendered":"<ul>\n<li>12 Boissons : espresso, caf\u00e9,<\/li>\n<li>Cappuccino, latte macchiato, caf\u00e9 glac\u00e9,<\/li>\n<li>eau chaude, Americano, Caff\u00e8 Crema,<\/li>\n<li>Caff\u00e8 latte, ristretto, caf\u00e9 au lait,<\/li>\n<li>Americano avec gla\u00e7ons, espresso avec<\/li>\n<li>gla\u00e7ons, mousse de lait<\/li>\n<li>&#8211; Syst\u00e8me de lait LatteGo<\/li>\n<li>&#8211; Noir<\/li>\n<li>&#8211; \u00c9cran TFT intuitif<\/li>\n<li>&#8211; Ajustez l&rsquo;ar\u00f4me et la quantit\u00e9 de caf\u00e9 avec le Coffee Customizer. Vous pouvez r\u00e9gler l&rsquo;intensit\u00e9, la quantit\u00e9 de caf\u00e9 et de lait pour chaque caf\u00e9 selon vos pr\u00e9f\u00e9rences. <\/li>\n<li>&#8211; 12 niveaux de mouture<\/li>\n<li>&#8211; Capacit\u00e9 du r\u00e9servoir \u00e0 grains de caf\u00e9 275 g<\/li>\n<li>&#8211; Mousse de lait<\/li>\n<li>&#8211; R\u00e9servoir \u00e0 lait 0,26 l<\/li>\n<li>&#8211; Capacit\u00e9 du r\u00e9servoir d&rsquo;eau 1,8 L<\/li>\n<\/ul>\n","protected":false},"featured_media":11423,"comment_status":"open","ping_status":"closed","template":"","meta":{"_et_pb_use_builder":"","_et_pb_old_content":"","_et_gb_content_width":"","inline_featured_image":false},"product_brand":[],"product_cat":[76],"product_tag":[],"class_list":{"0":"post-11559","1":"product","2":"type-product","3":"status-publish","4":"has-post-thumbnail","6":"product_cat-menage","8":"first","9":"outofstock","10":"taxable","11":"shipping-taxable","12":"purchasable","13":"product-type-simple"},"_links":{"self":[{"href":"https:\/\/whs.lu\/fr\/wp-json\/wp\/v2\/product\/11559","targetHints":{"allow":["GET"]}}],"collection":[{"href":"https:\/\/whs.lu\/fr\/wp-json\/wp\/v2\/product"}],"about":[{"href":"https:\/\/whs.lu\/fr\/wp-json\/wp\/v2\/types\/product"}],"replies":[{"embeddable":true,"href":"https:\/\/whs.lu\/fr\/wp-json\/wp\/v2\/comments?post=11559"}],"wp:featuredmedia":[{"embeddable":true,"href":"https:\/\/whs.lu\/fr\/wp-json\/wp\/v2\/media\/11423"}],"wp:attachment":[{"href":"https:\/\/whs.lu\/fr\/wp-json\/wp\/v2\/media?parent=11559"}],"wp:term":[{"taxonomy":"product_brand","embeddable":true,"href":"https:\/\/whs.lu\/fr\/wp-json\/wp\/v2\/product_brand?post=11559"},{"taxonomy":"product_cat","embeddable":true,"href":"https:\/\/whs.lu\/fr\/wp-json\/wp\/v2\/product_cat?post=11559"},{"taxonomy":"product_tag","embeddable":true,"href":"https:\/\/whs.lu\/fr\/wp-json\/wp\/v2\/product_tag?post=11559"}],"curies":[{"name":"wp","href":"https:\/\/api.w.org\/{rel}","templated":true}]}}