{"id":11561,"date":"2025-01-20T12:07:38","date_gmt":"2025-01-20T11:07:38","guid":{"rendered":"https:\/\/whs.lu\/product\/samsung-neo-qled-4k-qe55qn88dbt\/"},"modified":"2025-01-20T12:07:38","modified_gmt":"2025-01-20T11:07:38","slug":"samsung-neo-qled-4k-qe55qn88dbt","status":"publish","type":"product","link":"https:\/\/whs.lu\/fr\/product\/samsung-neo-qled-4k-qe55qn88dbt\/","title":{"rendered":"SAMSUNG NEO QLED 4K QE55QN88DBT"},"content":{"rendered":"","protected":false},"excerpt":{"rendered":"<ul>\n<li>Profitez de contrastes spectaculaires et de d\u00e9tails impressionnants avec les technologies Neo Quantum HDR et AI HDR Remastering<\/li>\n<li>Le processeur Neural Quantum 4K AI Gen2 assure une exp\u00e9rience visuelle \u00e9poustouflante gr\u00e2ce \u00e0 l&rsquo;IA et \u00e0 20 r\u00e9seaux neuronaux<\/li>\n<li>Samsung Smart Hub &amp;<\/li>\n<li>Gaming Hub r\u00e9unit toutes vos applications de jeux et de t\u00e9l\u00e9vision intelligentes pr\u00e9f\u00e9r\u00e9es<\/li>\n<li>Fr\u00e9quence de rafra\u00eechissement jusqu&rsquo;\u00e0 120 HZ<\/li>\n<li>4 ports HDMI<\/li>\n<li>Canal de retour audio<\/li>\n<li>CEC (Consumer Electronics Control)<\/li>\n<li>2 ports USB<\/li>\n<li>Ethernet (LAN)<\/li>\n<li>Compatible avec le WLAN<\/li>\n<\/ul>\n","protected":false},"featured_media":11408,"comment_status":"open","ping_status":"closed","template":"","meta":{"_et_pb_use_builder":"","_et_pb_old_content":"","_et_gb_content_width":"","inline_featured_image":false},"product_brand":[],"product_cat":[87],"product_tag":[],"class_list":{"0":"post-11561","1":"product","2":"type-product","3":"status-publish","4":"has-post-thumbnail","6":"product_cat-multimedia-fr","8":"first","9":"instock","10":"taxable","11":"shipping-taxable","12":"purchasable","13":"product-type-simple"},"_links":{"self":[{"href":"https:\/\/whs.lu\/fr\/wp-json\/wp\/v2\/product\/11561","targetHints":{"allow":["GET"]}}],"collection":[{"href":"https:\/\/whs.lu\/fr\/wp-json\/wp\/v2\/product"}],"about":[{"href":"https:\/\/whs.lu\/fr\/wp-json\/wp\/v2\/types\/product"}],"replies":[{"embeddable":true,"href":"https:\/\/whs.lu\/fr\/wp-json\/wp\/v2\/comments?post=11561"}],"wp:featuredmedia":[{"embeddable":true,"href":"https:\/\/whs.lu\/fr\/wp-json\/wp\/v2\/media\/11408"}],"wp:attachment":[{"href":"https:\/\/whs.lu\/fr\/wp-json\/wp\/v2\/media?parent=11561"}],"wp:term":[{"taxonomy":"product_brand","embeddable":true,"href":"https:\/\/whs.lu\/fr\/wp-json\/wp\/v2\/product_brand?post=11561"},{"taxonomy":"product_cat","embeddable":true,"href":"https:\/\/whs.lu\/fr\/wp-json\/wp\/v2\/product_cat?post=11561"},{"taxonomy":"product_tag","embeddable":true,"href":"https:\/\/whs.lu\/fr\/wp-json\/wp\/v2\/product_tag?post=11561"}],"curies":[{"name":"wp","href":"https:\/\/api.w.org\/{rel}","templated":true}]}}